{"id":783,"date":"2024-08-14T08:39:16","date_gmt":"2024-08-14T08:39:16","guid":{"rendered":"https:\/\/demo.oceanthemes.site\/biwors\/?page_id=783"},"modified":"2025-04-15T14:37:53","modified_gmt":"2025-04-15T12:37:53","slug":"our-process","status":"publish","type":"page","link":"https:\/\/ipcgreenblocks.com\/?page_id=783","title":{"rendered":"Notre Processus"},"content":{"rendered":"\t\t<div data-elementor-type=\"wp-page\" data-elementor-id=\"783\" class=\"elementor elementor-783\">\n\t\t\t\t<div data-color=\"#c5ddff,#31c77f,#f7e5ff\" class=\"elementor-element elementor-element-ee9dfd5 particles-js e-flex e-con-boxed e-con e-parent\" data-id=\"ee9dfd5\" data-element_type=\"container\" data-e-type=\"container\">\n\t\t\t\t\t<div class=\"e-con-inner\">\n\t\t<div class=\"elementor-element elementor-element-93c1bc5 e-con-full e-flex e-con e-child\" data-id=\"93c1bc5\" data-element_type=\"container\" data-e-type=\"container\">\n\t\t\t\t<div class=\"elementor-element elementor-element-0b4c8cc elementor-widget elementor-widget-ot-heading\" data-id=\"0b4c8cc\" data-element_type=\"widget\" data-e-type=\"widget\" data-widget_type=\"ot-heading.default\">\n\t\t\t\t<div class=\"elementor-widget-container\">\n\t\t\t\t\t\t\t<div class=\"ot-heading\">\r\n\t        <span class=\"ot-heading__sub\">Notre Processus<\/span>\t        <h2 class=\"ot-heading__title\">Chez IPC GREEN BLOCKS<\/h2>\t    <\/div>\r\n\t    \t\t\t\t<\/div>\n\t\t\t\t<\/div>\n\t\t\t\t<div class=\"elementor-element elementor-element-71ea380 elementor-widget elementor-widget-text-editor\" data-id=\"71ea380\" data-element_type=\"widget\" data-e-type=\"widget\" data-widget_type=\"text-editor.default\">\n\t\t\t\t<div class=\"elementor-widget-container\">\n\t\t\t\t\t\t\t\t\t<p>chaque projet suit un processus rigoureux, alliant innovation, qualit\u00e9 et impact.<br data-start=\"325\" data-end=\"328\" \/>De la collecte des d\u00e9chets \u00e0 la pose des blocs, nous ma\u00eetrisons chaque \u00e9tape pour vous garantir un r\u00e9sultat durable et responsable.<\/p>\t\t\t\t\t\t\t\t<\/div>\n\t\t\t\t<\/div>\n\t\t\t\t<\/div>\n\t\t<div class=\"elementor-element elementor-element-21d5998 e-con-full e-flex e-con e-child\" data-id=\"21d5998\" data-element_type=\"container\" data-e-type=\"container\">\n\t\t<div class=\"elementor-element elementor-element-e68bafb e-con-full e-flex e-con e-child\" data-id=\"e68bafb\" data-element_type=\"container\" data-e-type=\"container\">\n\t\t\t\t<div class=\"elementor-element elementor-element-3788c4e elementor-widget elementor-widget-image\" data-id=\"3788c4e\" data-element_type=\"widget\" data-e-type=\"widget\" data-widget_type=\"image.default\">\n\t\t\t\t<div class=\"elementor-widget-container\">\n\t\t\t\t\t\t\t\t\t\t\t\t\t\t\t<img fetchpriority=\"high\" decoding=\"async\" width=\"399\" height=\"431\" src=\"https:\/\/ipcgreenblocks.com\/wp-content\/uploads\/2024\/08\/phi-img1.jpg\" class=\"attachment-full size-full wp-image-364\" alt=\"\" srcset=\"https:\/\/ipcgreenblocks.com\/wp-content\/uploads\/2024\/08\/phi-img1.jpg 399w, https:\/\/ipcgreenblocks.com\/wp-content\/uploads\/2024\/08\/phi-img1-278x300.jpg 278w\" sizes=\"(max-width: 399px) 100vw, 399px\" \/>\t\t\t\t\t\t\t\t\t\t\t\t\t\t\t<\/div>\n\t\t\t\t<\/div>\n\t\t\t\t<div class=\"elementor-element elementor-element-8630df3 elementor-widget elementor-widget-image\" data-id=\"8630df3\" data-element_type=\"widget\" data-e-type=\"widget\" data-widget_type=\"image.default\">\n\t\t\t\t<div class=\"elementor-widget-container\">\n\t\t\t\t\t\t\t\t\t\t\t\t\t\t\t<img decoding=\"async\" src=\"https:\/\/biwors.s3.us-east-1.amazonaws.com\/home1-5\/images\/phi-img2.jpg\" title=\"\" alt=\"\" loading=\"lazy\" \/>\t\t\t\t\t\t\t\t\t\t\t\t\t\t\t<\/div>\n\t\t\t\t<\/div>\n\t\t\t\t<\/div>\n\t\t<div class=\"elementor-element elementor-element-d83a4b8 e-con-full e-flex e-con e-child\" data-id=\"d83a4b8\" data-element_type=\"container\" data-e-type=\"container\">\n\t\t\t\t<div class=\"elementor-element elementor-element-c4d305e elementor-widget elementor-widget-heading\" data-id=\"c4d305e\" data-element_type=\"widget\" data-e-type=\"widget\" data-widget_type=\"heading.default\">\n\t\t\t\t<div class=\"elementor-widget-container\">\n\t\t\t\t\t<h3 class=\"elementor-heading-title elementor-size-default\">01.<\/h3>\t\t\t\t<\/div>\n\t\t\t\t<\/div>\n\t\t\t\t<div class=\"elementor-element elementor-element-1714797 elementor-widget elementor-widget-heading\" data-id=\"1714797\" data-element_type=\"widget\" data-e-type=\"widget\" data-widget_type=\"heading.default\">\n\t\t\t\t<div class=\"elementor-widget-container\">\n\t\t\t\t\t<h3 class=\"elementor-heading-title elementor-size-default\">Collecte et tri des d\u00e9chets plastiques<\/h3>\t\t\t\t<\/div>\n\t\t\t\t<\/div>\n\t\t\t\t<div class=\"elementor-element elementor-element-7e1c1bf elementor-widget elementor-widget-text-editor\" data-id=\"7e1c1bf\" data-element_type=\"widget\" data-e-type=\"widget\" data-widget_type=\"text-editor.default\">\n\t\t\t\t<div class=\"elementor-widget-container\">\n\t\t\t\t\t\t\t\t\t<p>Nous r\u00e9cup\u00e9rons les d\u00e9chets plastiques dans les quartiers, les d\u00e9charges et aupr\u00e8s de nos partenaires. Chaque d\u00e9chet est tri\u00e9, nettoy\u00e9 et pr\u00e9par\u00e9 pour la transformation.<\/p>\t\t\t\t\t\t\t\t<\/div>\n\t\t\t\t<\/div>\n\t\t\t\t<div class=\"elementor-element elementor-element-992b757 ot-view-stacked ot-position-left ot-vertical-align-top elementor-widget elementor-widget-ot-iconbox\" data-id=\"992b757\" data-element_type=\"widget\" data-e-type=\"widget\" data-widget_type=\"ot-iconbox.default\">\n\t\t\t\t<div class=\"elementor-widget-container\">\n\t\t\t\t\t\t\t<div class=\"ot-icon-box box-content\">\r\n\t\t\t\t\t\t<div class=\"ot-icon-box__icon flex-gap\">\r\n\t\t\t\t<svg xmlns=\"http:\/\/www.w3.org\/2000\/svg\" viewBox=\"0 0 24 24\"><path clip-rule=\"evenodd\" d=\"m20.7071 6.29289c.3905.39053.3905 1.02369 0 1.41422l-10 9.99999c-.3905.3905-1.02368.3905-1.41421 0l-5-5c-.39052-.3905-.39052-1.0237 0-1.4142.39053-.3905 1.02369-.3905 1.41422 0l4.29289 4.2929 9.2929-9.29291c.3905-.39052 1.0237-.39052 1.4142 0z\" fill-rule=\"evenodd\"><\/path><\/svg>\t        <\/div>\r\n\t        \t        <div class=\"ot-icon-box__content\">\r\n\t        \t<h4 class=\"icon-box-title\">Qualit\u00e9 du tri = qualit\u00e9 du bloc<\/h4>\t\t\t\t<div class=\"icon-box-des\">Un tri rigoureux garantit la solidit\u00e9, la durabilit\u00e9 et la s\u00e9curit\u00e9 des blocs fabriqu\u00e9s.<\/div>\t\t\t\t\t\t\t<\/div>\t\r\n\t    <\/div>\r\n\t    \t\t\t\t<\/div>\n\t\t\t\t<\/div>\n\t\t\t\t<div class=\"elementor-element elementor-element-231370b ot-view-stacked ot-position-left ot-vertical-align-top elementor-widget elementor-widget-ot-iconbox\" data-id=\"231370b\" data-element_type=\"widget\" data-e-type=\"widget\" data-widget_type=\"ot-iconbox.default\">\n\t\t\t\t<div class=\"elementor-widget-container\">\n\t\t\t\t\t\t\t<div class=\"ot-icon-box box-content\">\r\n\t\t\t\t\t\t<div class=\"ot-icon-box__icon flex-gap\">\r\n\t\t\t\t<svg xmlns=\"http:\/\/www.w3.org\/2000\/svg\" viewBox=\"0 0 24 24\"><path clip-rule=\"evenodd\" d=\"m20.7071 6.29289c.3905.39053.3905 1.02369 0 1.41422l-10 9.99999c-.3905.3905-1.02368.3905-1.41421 0l-5-5c-.39052-.3905-.39052-1.0237 0-1.4142.39053-.3905 1.02369-.3905 1.41422 0l4.29289 4.2929 9.2929-9.29291c.3905-.39052 1.0237-.39052 1.4142 0z\" fill-rule=\"evenodd\"><\/path><\/svg>\t        <\/div>\r\n\t        \t        <div class=\"ot-icon-box__content\">\r\n\t        \t<h4 class=\"icon-box-title\">Impact social local<\/h4>\t\t\t\t<div class=\"icon-box-des\">Cette \u00e9tape cr\u00e9e des emplois pour les jeunes et les femmes, tout en contribuant \u00e0 l\u2019assainissement de l\u2019environnement.<\/div>\t\t\t\t\t\t\t<\/div>\t\r\n\t    <\/div>\r\n\t    \t\t\t\t<\/div>\n\t\t\t\t<\/div>\n\t\t\t\t<\/div>\n\t\t\t\t<\/div>\n\t\t<div class=\"elementor-element elementor-element-f1c0a1b e-con-full e-flex e-con e-child\" data-id=\"f1c0a1b\" data-element_type=\"container\" data-e-type=\"container\">\n\t\t<div class=\"elementor-element elementor-element-ba1aa35 e-con-full e-flex e-con e-child\" data-id=\"ba1aa35\" data-element_type=\"container\" data-e-type=\"container\">\n\t\t\t\t<div class=\"elementor-element elementor-element-c074614 elementor-widget elementor-widget-heading\" data-id=\"c074614\" data-element_type=\"widget\" data-e-type=\"widget\" data-widget_type=\"heading.default\">\n\t\t\t\t<div class=\"elementor-widget-container\">\n\t\t\t\t\t<h3 class=\"elementor-heading-title elementor-size-default\">02.<\/h3>\t\t\t\t<\/div>\n\t\t\t\t<\/div>\n\t\t\t\t<div class=\"elementor-element elementor-element-fbf76b0 elementor-widget elementor-widget-heading\" data-id=\"fbf76b0\" data-element_type=\"widget\" data-e-type=\"widget\" data-widget_type=\"heading.default\">\n\t\t\t\t<div class=\"elementor-widget-container\">\n\t\t\t\t\t<h3 class=\"elementor-heading-title elementor-size-default\">Transformation en mati\u00e8res premi\u00e8res<\/h3>\t\t\t\t<\/div>\n\t\t\t\t<\/div>\n\t\t\t\t<div class=\"elementor-element elementor-element-d3930ac elementor-widget elementor-widget-text-editor\" data-id=\"d3930ac\" data-element_type=\"widget\" data-e-type=\"widget\" data-widget_type=\"text-editor.default\">\n\t\t\t\t<div class=\"elementor-widget-container\">\n\t\t\t\t\t\t\t\t\t<p class=\"\" data-start=\"168\" data-end=\"523\">Apr\u00e8s le tri, les d\u00e9chets plastiques s\u00e9lectionn\u00e9s sont <strong data-start=\"223\" data-end=\"247\">broy\u00e9s en paillettes<\/strong>, puis <strong data-start=\"254\" data-end=\"278\">chauff\u00e9s et m\u00e9lang\u00e9s<\/strong> \u00e0 des liants naturels ou \u00e0 d&rsquo;autres composants selon la recette du bloc \u00e9cologique souhait\u00e9.<br data-start=\"371\" data-end=\"374\" \/>Cette \u00e9tape technique permet de <strong data-start=\"406\" data-end=\"445\">donner une seconde vie au plastique<\/strong>, en le rendant apte \u00e0 int\u00e9grer un processus de fabrication solide et durable.<\/p><p class=\"\" data-start=\"525\" data-end=\"658\">Nous veillons \u00e0 ce que la mati\u00e8re obtenue soit <strong data-start=\"572\" data-end=\"606\">homog\u00e8ne, stable et r\u00e9sistante<\/strong>, pour assurer la qualit\u00e9 des blocs une fois moul\u00e9s.<\/p>\t\t\t\t\t\t\t\t<\/div>\n\t\t\t\t<\/div>\n\t\t\t\t<\/div>\n\t\t<div class=\"elementor-element elementor-element-ebf2f70 e-con-full e-flex e-con e-child\" data-id=\"ebf2f70\" data-element_type=\"container\" data-e-type=\"container\">\n\t\t\t\t<div class=\"elementor-element elementor-element-4d1d8dc elementor-widget__width-initial elementor-absolute elementor-widget elementor-widget-spacer\" data-id=\"4d1d8dc\" data-element_type=\"widget\" data-e-type=\"widget\" data-settings=\"{&quot;_position&quot;:&quot;absolute&quot;}\" data-widget_type=\"spacer.default\">\n\t\t\t\t<div class=\"elementor-widget-container\">\n\t\t\t\t\t\t\t<div class=\"elementor-spacer\">\n\t\t\t<div class=\"elementor-spacer-inner\"><\/div>\n\t\t<\/div>\n\t\t\t\t\t\t<\/div>\n\t\t\t\t<\/div>\n\t\t\t\t<div class=\"elementor-element elementor-element-04717db elementor-widget__width-initial elementor-absolute elementor-widget elementor-widget-spacer\" data-id=\"04717db\" data-element_type=\"widget\" data-e-type=\"widget\" data-settings=\"{&quot;_position&quot;:&quot;absolute&quot;}\" data-widget_type=\"spacer.default\">\n\t\t\t\t<div class=\"elementor-widget-container\">\n\t\t\t\t\t\t\t<div class=\"elementor-spacer\">\n\t\t\t<div class=\"elementor-spacer-inner\"><\/div>\n\t\t<\/div>\n\t\t\t\t\t\t<\/div>\n\t\t\t\t<\/div>\n\t\t\t\t<div class=\"elementor-element elementor-element-c0f6b03 elementor-widget elementor-widget-image\" data-id=\"c0f6b03\" data-element_type=\"widget\" data-e-type=\"widget\" data-widget_type=\"image.default\">\n\t\t\t\t<div class=\"elementor-widget-container\">\n\t\t\t\t\t\t\t\t\t\t\t\t\t\t\t<img decoding=\"async\" width=\"828\" height=\"1104\" src=\"https:\/\/ipcgreenblocks.com\/wp-content\/uploads\/2025\/04\/recycled-plastic.webp\" class=\"attachment-full size-full wp-image-4369\" alt=\"\" srcset=\"https:\/\/ipcgreenblocks.com\/wp-content\/uploads\/2025\/04\/recycled-plastic.webp 828w, https:\/\/ipcgreenblocks.com\/wp-content\/uploads\/2025\/04\/recycled-plastic-225x300.webp 225w, https:\/\/ipcgreenblocks.com\/wp-content\/uploads\/2025\/04\/recycled-plastic-768x1024.webp 768w\" sizes=\"(max-width: 828px) 100vw, 828px\" \/>\t\t\t\t\t\t\t\t\t\t\t\t\t\t\t<\/div>\n\t\t\t\t<\/div>\n\t\t\t\t<\/div>\n\t\t\t\t<\/div>\n\t\t<div class=\"elementor-element elementor-element-09d7f0b e-con-full e-flex e-con e-child\" data-id=\"09d7f0b\" data-element_type=\"container\" data-e-type=\"container\">\n\t\t<div class=\"elementor-element elementor-element-d6a38bc e-con-full e-flex e-con e-child\" data-id=\"d6a38bc\" data-element_type=\"container\" data-e-type=\"container\">\n\t\t\t\t<div class=\"elementor-element elementor-element-1bea5af elementor-widget elementor-widget-image\" data-id=\"1bea5af\" data-element_type=\"widget\" data-e-type=\"widget\" data-widget_type=\"image.default\">\n\t\t\t\t<div class=\"elementor-widget-container\">\n\t\t\t\t\t\t\t\t\t\t\t\t\t\t\t<img decoding=\"async\" width=\"794\" height=\"836\" src=\"https:\/\/ipcgreenblocks.com\/wp-content\/uploads\/2025\/04\/iStock-1686758283-e1744118658403.webp\" class=\"attachment-full size-full wp-image-4382\" alt=\"\" srcset=\"https:\/\/ipcgreenblocks.com\/wp-content\/uploads\/2025\/04\/iStock-1686758283-e1744118658403.webp 794w, https:\/\/ipcgreenblocks.com\/wp-content\/uploads\/2025\/04\/iStock-1686758283-e1744118658403-285x300.webp 285w, https:\/\/ipcgreenblocks.com\/wp-content\/uploads\/2025\/04\/iStock-1686758283-e1744118658403-768x809.webp 768w\" sizes=\"(max-width: 794px) 100vw, 794px\" \/>\t\t\t\t\t\t\t\t\t\t\t\t\t\t\t<\/div>\n\t\t\t\t<\/div>\n\t\t\t\t<\/div>\n\t\t<div class=\"elementor-element elementor-element-b151568 e-con-full e-flex e-con e-child\" data-id=\"b151568\" data-element_type=\"container\" data-e-type=\"container\">\n\t\t\t\t<div class=\"elementor-element elementor-element-a5a77ff elementor-widget elementor-widget-heading\" data-id=\"a5a77ff\" data-element_type=\"widget\" data-e-type=\"widget\" data-widget_type=\"heading.default\">\n\t\t\t\t<div class=\"elementor-widget-container\">\n\t\t\t\t\t<h3 class=\"elementor-heading-title elementor-size-default\">03.<\/h3>\t\t\t\t<\/div>\n\t\t\t\t<\/div>\n\t\t\t\t<div class=\"elementor-element elementor-element-8087f72 elementor-widget elementor-widget-heading\" data-id=\"8087f72\" data-element_type=\"widget\" data-e-type=\"widget\" data-widget_type=\"heading.default\">\n\t\t\t\t<div class=\"elementor-widget-container\">\n\t\t\t\t\t<h3 class=\"elementor-heading-title elementor-size-default\">Fabrication des blocs \u00e9cologiques<\/h3>\t\t\t\t<\/div>\n\t\t\t\t<\/div>\n\t\t\t\t<div class=\"elementor-element elementor-element-bbb2fb3 elementor-widget elementor-widget-text-editor\" data-id=\"bbb2fb3\" data-element_type=\"widget\" data-e-type=\"widget\" data-widget_type=\"text-editor.default\">\n\t\t\t\t<div class=\"elementor-widget-container\">\n\t\t\t\t\t\t\t\t\t<p>Une fois la mati\u00e8re transform\u00e9e, elle est <strong data-start=\"221\" data-end=\"259\">vers\u00e9e dans des moules sp\u00e9cialis\u00e9s<\/strong> pour former des blocs aux dimensions pr\u00e9cises.<\/p>\t\t\t\t\t\t\t\t<\/div>\n\t\t\t\t<\/div>\n\t\t\t\t<div class=\"elementor-element elementor-element-c2ef13f elementor-widget elementor-widget-text-editor\" data-id=\"c2ef13f\" data-element_type=\"widget\" data-e-type=\"widget\" data-widget_type=\"text-editor.default\">\n\t\t\t\t<div class=\"elementor-widget-container\">\n\t\t\t\t\t\t\t\t\t<p class=\"\" data-start=\"179\" data-end=\"466\">Selon le type de produit (blocs plastiques recycl\u00e9s ou blocs de terre comprim\u00e9e), le m\u00e9lange est soit <strong data-start=\"411\" data-end=\"432\">compress\u00e9 \u00e0 froid<\/strong>, soit <strong data-start=\"439\" data-end=\"465\">refroidi apr\u00e8s moulage<\/strong>.<\/p><p class=\"\" data-start=\"468\" data-end=\"697\">Apr\u00e8s d\u00e9moulage, les blocs sont <strong data-start=\"500\" data-end=\"520\">laiss\u00e9s \u00e0 s\u00e9cher<\/strong> ou \u00e0 reposer pendant une p\u00e9riode d\u00e9termin\u00e9e afin de garantir leur <strong data-start=\"587\" data-end=\"623\">solidit\u00e9, stabilit\u00e9 et long\u00e9vit\u00e9<\/strong>.<br data-start=\"624\" data-end=\"627\" \/>Un <strong data-start=\"630\" data-end=\"657\">contr\u00f4le qualit\u00e9 strict<\/strong> est effectu\u00e9 sur chaque s\u00e9rie produite.<\/p>\t\t\t\t\t\t\t\t<\/div>\n\t\t\t\t<\/div>\n\t\t\t\t<\/div>\n\t\t\t\t<\/div>\n\t\t\t\t\t<\/div>\n\t\t\t\t<\/div>\n\t\t<div data-color=\"#f7e5ff,#c5ddff,#ffffff\" class=\"elementor-element elementor-element-c168a97 particles-js e-flex e-con-boxed e-con e-parent\" data-id=\"c168a97\" data-element_type=\"container\" data-e-type=\"container\" data-settings=\"{&quot;background_background&quot;:&quot;classic&quot;}\">\n\t\t\t\t\t<div class=\"e-con-inner\">\n\t\t<div class=\"elementor-element elementor-element-01d121f e-con-full e-flex e-con e-child\" data-id=\"01d121f\" data-element_type=\"container\" data-e-type=\"container\">\n\t\t\t\t<div class=\"elementor-element elementor-element-d180fc2 elementor-widget elementor-widget-ot-heading\" data-id=\"d180fc2\" data-element_type=\"widget\" data-e-type=\"widget\" data-widget_type=\"ot-heading.default\">\n\t\t\t\t<div class=\"elementor-widget-container\">\n\t\t\t\t\t\t\t<div class=\"ot-heading\">\r\n\t        <span class=\"ot-heading__sub\">Why choose us<\/span>\t        <h2 class=\"ot-heading__title\">Good vision for many years<\/h2>\t    <\/div>\r\n\t    \t\t\t\t<\/div>\n\t\t\t\t<\/div>\n\t\t\t\t<\/div>\n\t\t<div class=\"elementor-element elementor-element-c8d3c83 e-con-full e-flex e-con e-child\" data-id=\"c8d3c83\" data-element_type=\"container\" data-e-type=\"container\">\n\t\t<div class=\"elementor-element elementor-element-40a00ab e-con-full e-flex e-con e-child\" data-id=\"40a00ab\" data-element_type=\"container\" data-e-type=\"container\">\n\t\t\t\t<div class=\"elementor-element elementor-element-f41062f ot-view-stacked ot-position-top elementor-widget elementor-widget-ot-iconbox\" data-id=\"f41062f\" data-element_type=\"widget\" data-e-type=\"widget\" data-widget_type=\"ot-iconbox.default\">\n\t\t\t\t<div class=\"elementor-widget-container\">\n\t\t\t\t\t\t\t<div class=\"ot-icon-box box-content\">\r\n\t\t\t\t\t\t<div class=\"ot-icon-box__icon\">\r\n\t\t\t\t<svg xmlns=\"http:\/\/www.w3.org\/2000\/svg\" viewBox=\"0 0 24 24\"><path clip-rule=\"evenodd\" d=\"m20.7071 6.29289c.3905.39053.3905 1.02369 0 1.41422l-10 9.99999c-.3905.3905-1.02368.3905-1.41421 0l-5-5c-.39052-.3905-.39052-1.0237 0-1.4142.39053-.3905 1.02369-.3905 1.41422 0l4.29289 4.2929 9.2929-9.29291c.3905-.39052 1.0237-.39052 1.4142 0z\" fill-rule=\"evenodd\"><\/path><\/svg>\t        <\/div>\r\n\t        \t        <div class=\"ot-icon-box__content\">\r\n\t        \t<h4 class=\"icon-box-title\"> 4. Tests & assurance qualit\u00e9<\/h4>\t\t\t\t<div class=\"icon-box-des\">Avant d\u2019\u00eatre livr\u00e9s ou utilis\u00e9s sur chantier, nos blocs passent par une s\u00e9rie de tests rigoureux pour v\u00e9rifier leur r\u00e9sistance \u00e0 la compression, leur perm\u00e9abilit\u00e9, leur stabilit\u00e9 thermique et leur durabilit\u00e9 dans le temps.\n\nCes contr\u00f4les sont r\u00e9alis\u00e9s en interne, en suivant des normes techniques pr\u00e9cises, afin de garantir des performances constantes et fiables, quel que soit le projet.<\/div>\t\t\t\t\t\t\t<\/div>\t\r\n\t    <\/div>\r\n\t    \t\t\t\t<\/div>\n\t\t\t\t<\/div>\n\t\t\t\t<\/div>\n\t\t<div class=\"elementor-element elementor-element-7fcd639 e-con-full e-flex e-con e-child\" data-id=\"7fcd639\" data-element_type=\"container\" data-e-type=\"container\">\n\t\t\t\t<div class=\"elementor-element elementor-element-e50f7ad ot-view-stacked ot-position-top elementor-widget elementor-widget-ot-iconbox\" data-id=\"e50f7ad\" data-element_type=\"widget\" data-e-type=\"widget\" data-widget_type=\"ot-iconbox.default\">\n\t\t\t\t<div class=\"elementor-widget-container\">\n\t\t\t\t\t\t\t<div class=\"ot-icon-box box-content\">\r\n\t\t\t\t\t\t<div class=\"ot-icon-box__icon\">\r\n\t\t\t\t<svg xmlns=\"http:\/\/www.w3.org\/2000\/svg\" viewBox=\"0 0 24 24\"><path clip-rule=\"evenodd\" d=\"m20.7071 6.29289c.3905.39053.3905 1.02369 0 1.41422l-10 9.99999c-.3905.3905-1.02368.3905-1.41421 0l-5-5c-.39052-.3905-.39052-1.0237 0-1.4142.39053-.3905 1.02369-.3905 1.41422 0l4.29289 4.2929 9.2929-9.29291c.3905-.39052 1.0237-.39052 1.4142 0z\" fill-rule=\"evenodd\"><\/path><\/svg>\t        <\/div>\r\n\t        \t        <div class=\"ot-icon-box__content\">\r\n\t        \t<h4 class=\"icon-box-title\">5. Distribution & accompagnement client<\/h4>\t\t\t\t<div class=\"icon-box-des\">Une fois les blocs valid\u00e9s par notre \u00e9quipe qualit\u00e9, ils sont conditionn\u00e9s et livr\u00e9s directement sur les chantiers, dans le respect des d\u00e9lais et des besoins du client.\n\nMais au-del\u00e0 de la livraison, IPC GREEN BLOCKS accompagne ses clients \u00e0 chaque \u00e9tape : conseils techniques, aide \u00e0 la planification, mise en relation avec des artisans form\u00e9s et assistance \u00e0 la pose.\n\nNotre objectif est de garantir un chantier fluide, \u00e9conomique et r\u00e9ussi, du premier contact \u00e0 la pose finale.<\/div>\t\t\t\t\t\t\t<\/div>\t\r\n\t    <\/div>\r\n\t    \t\t\t\t<\/div>\n\t\t\t\t<\/div>\n\t\t\t\t<\/div>\n\t\t<div class=\"elementor-element elementor-element-a565907 e-con-full e-flex e-con e-child\" data-id=\"a565907\" data-element_type=\"container\" data-e-type=\"container\">\n\t\t\t\t<div class=\"elementor-element elementor-element-d5546d2 ot-view-stacked ot-position-top elementor-widget elementor-widget-ot-iconbox\" data-id=\"d5546d2\" data-element_type=\"widget\" data-e-type=\"widget\" data-widget_type=\"ot-iconbox.default\">\n\t\t\t\t<div class=\"elementor-widget-container\">\n\t\t\t\t\t\t\t<div class=\"ot-icon-box box-content\">\r\n\t\t\t\t\t\t<div class=\"ot-icon-box__icon\">\r\n\t\t\t\t<svg xmlns=\"http:\/\/www.w3.org\/2000\/svg\" viewBox=\"0 0 24 24\"><path clip-rule=\"evenodd\" d=\"m20.7071 6.29289c.3905.39053.3905 1.02369 0 1.41422l-10 9.99999c-.3905.3905-1.02368.3905-1.41421 0l-5-5c-.39052-.3905-.39052-1.0237 0-1.4142.39053-.3905 1.02369-.3905 1.41422 0l4.29289 4.2929 9.2929-9.29291c.3905-.39052 1.0237-.39052 1.4142 0z\" fill-rule=\"evenodd\"><\/path><\/svg>\t        <\/div>\r\n\t        \t        <div class=\"ot-icon-box__content\">\r\n\t        \t<h4 class=\"icon-box-title\">6. Formation & sensibilisation<\/h4>\t\t\t\t<div class=\"icon-box-des\">Chez IPC GREEN BLOCKS, nous croyons que l\u2019innovation ne suffit pas : elle doit \u00eatre transmise et partag\u00e9e.\nC\u2019est pourquoi nous organisons r\u00e9guli\u00e8rement des ateliers de formation \u00e0 destination des jeunes, des femmes, des artisans et des partenaires techniques.\n\n<\/div>\t\t\t\t\t\t\t<\/div>\t\r\n\t    <\/div>\r\n\t    \t\t\t\t<\/div>\n\t\t\t\t<\/div>\n\t\t\t\t<\/div>\n\t\t\t\t<\/div>\n\t\t\t\t\t<\/div>\n\t\t\t\t<\/div>\n\t\t\t\t<\/div>\n\t\t","protected":false},"excerpt":{"rendered":"<p>Notre Processus Chez IPC GREEN BLOCKS chaque projet suit un processus rigoureux, alliant innovation, qualit\u00e9 et impact.De la collecte des d\u00e9chets \u00e0 la pose des blocs, nous ma\u00eetrisons chaque \u00e9tape pour vous garantir un r\u00e9sultat durable et responsable. 01. Collecte et tri des d\u00e9chets plastiques Nous r\u00e9cup\u00e9rons les d\u00e9chets plastiques dans les quartiers, les d\u00e9charges [&hellip;]<\/p>\n","protected":false},"author":1,"featured_media":0,"parent":0,"menu_order":0,"comment_status":"closed","ping_status":"closed","template":"","meta":{"footnotes":""},"class_list":["post-783","page","type-page","status-publish","hentry"],"_hostinger_reach_plugin_has_subscription_block":false,"_hostinger_reach_plugin_is_elementor":false,"_links":{"self":[{"href":"https:\/\/ipcgreenblocks.com\/index.php?rest_route=\/wp\/v2\/pages\/783","targetHints":{"allow":["GET"]}}],"collection":[{"href":"https:\/\/ipcgreenblocks.com\/index.php?rest_route=\/wp\/v2\/pages"}],"about":[{"href":"https:\/\/ipcgreenblocks.com\/index.php?rest_route=\/wp\/v2\/types\/page"}],"author":[{"embeddable":true,"href":"https:\/\/ipcgreenblocks.com\/index.php?rest_route=\/wp\/v2\/users\/1"}],"replies":[{"embeddable":true,"href":"https:\/\/ipcgreenblocks.com\/index.php?rest_route=%2Fwp%2Fv2%2Fcomments&post=783"}],"version-history":[{"count":7,"href":"https:\/\/ipcgreenblocks.com\/index.php?rest_route=\/wp\/v2\/pages\/783\/revisions"}],"predecessor-version":[{"id":4452,"href":"https:\/\/ipcgreenblocks.com\/index.php?rest_route=\/wp\/v2\/pages\/783\/revisions\/4452"}],"wp:attachment":[{"href":"https:\/\/ipcgreenblocks.com\/index.php?rest_route=%2Fwp%2Fv2%2Fmedia&parent=783"}],"curies":[{"name":"wp","href":"https:\/\/api.w.org\/{rel}","templated":true}]}}