{"id":359,"date":"2024-08-12T04:13:49","date_gmt":"2024-08-12T04:13:49","guid":{"rendered":"https:\/\/demo.oceanthemes.site\/biwors\/?page_id=359"},"modified":"2025-04-15T14:36:54","modified_gmt":"2025-04-15T12:36:54","slug":"our-philosophy","status":"publish","type":"page","link":"https:\/\/ipcgreenblocks.com\/?page_id=359","title":{"rendered":"Notre Philosophie"},"content":{"rendered":"\t\t<div data-elementor-type=\"wp-page\" data-elementor-id=\"359\" class=\"elementor elementor-359\">\n\t\t\t\t<div data-color=\"#c5ddff,#31c77f,#f7e5ff\" class=\"elementor-element elementor-element-43c0bf0 particles-js e-flex e-con-boxed e-con e-parent\" data-id=\"43c0bf0\" data-element_type=\"container\" data-e-type=\"container\">\n\t\t\t\t\t<div class=\"e-con-inner\">\n\t\t<div class=\"elementor-element elementor-element-82003fa e-con-full e-flex e-con e-child\" data-id=\"82003fa\" data-element_type=\"container\" data-e-type=\"container\">\n\t\t\t\t<div class=\"elementor-element elementor-element-d258dc2 elementor-widget elementor-widget-image\" data-id=\"d258dc2\" data-element_type=\"widget\" data-e-type=\"widget\" data-widget_type=\"image.default\">\n\t\t\t\t<div class=\"elementor-widget-container\">\n\t\t\t\t\t\t\t\t\t\t\t\t\t\t\t<img fetchpriority=\"high\" decoding=\"async\" width=\"399\" height=\"431\" src=\"https:\/\/ipcgreenblocks.com\/wp-content\/uploads\/2024\/08\/phi-img1.jpg\" class=\"attachment-full size-full wp-image-364\" alt=\"\" srcset=\"https:\/\/ipcgreenblocks.com\/wp-content\/uploads\/2024\/08\/phi-img1.jpg 399w, https:\/\/ipcgreenblocks.com\/wp-content\/uploads\/2024\/08\/phi-img1-278x300.jpg 278w\" sizes=\"(max-width: 399px) 100vw, 399px\" \/>\t\t\t\t\t\t\t\t\t\t\t\t\t\t\t<\/div>\n\t\t\t\t<\/div>\n\t\t\t\t<div class=\"elementor-element elementor-element-53251ac elementor-widget elementor-widget-image\" data-id=\"53251ac\" data-element_type=\"widget\" data-e-type=\"widget\" data-widget_type=\"image.default\">\n\t\t\t\t<div class=\"elementor-widget-container\">\n\t\t\t\t\t\t\t\t\t\t\t\t\t\t\t<img decoding=\"async\" src=\"https:\/\/biwors.s3.us-east-1.amazonaws.com\/home1-5\/images\/phi-img2.jpg\" title=\"\" alt=\"\" loading=\"lazy\" \/>\t\t\t\t\t\t\t\t\t\t\t\t\t\t\t<\/div>\n\t\t\t\t<\/div>\n\t\t\t\t<\/div>\n\t\t<div class=\"elementor-element elementor-element-dbb7551 e-con-full e-flex e-con e-child\" data-id=\"dbb7551\" data-element_type=\"container\" data-e-type=\"container\">\n\t\t\t\t<div class=\"elementor-element elementor-element-f86f39e elementor-widget elementor-widget-ot-heading\" data-id=\"f86f39e\" data-element_type=\"widget\" data-e-type=\"widget\" data-widget_type=\"ot-heading.default\">\n\t\t\t\t<div class=\"elementor-widget-container\">\n\t\t\t\t\t\t\t<div class=\"ot-heading\">\r\n\t        <span class=\"ot-heading__sub\">La philosophie <\/span>\t        <h2 class=\"ot-heading__title\"> d\u2019IPC GREEN BLOCKS<\/h2>\t    <\/div>\r\n\t    \t\t\t\t<\/div>\n\t\t\t\t<\/div>\n\t\t\t\t<div class=\"elementor-element elementor-element-b93af93 elementor-widget elementor-widget-text-editor\" data-id=\"b93af93\" data-element_type=\"widget\" data-e-type=\"widget\" data-widget_type=\"text-editor.default\">\n\t\t\t\t<div class=\"elementor-widget-container\">\n\t\t\t\t\t\t\t\t\t<p class=\"\" data-start=\"162\" data-end=\"324\">est n\u00e9e d\u2019une conviction profonde :<br data-start=\"235\" data-end=\"238\" \/><strong data-start=\"238\" data-end=\"323\">l\u2019avenir de la construction passe par le respect de la plan\u00e8te et des populations<\/strong>.<\/p><p class=\"\" data-start=\"326\" data-end=\"603\">Dans un monde confront\u00e9 \u00e0 des d\u00e9fis environnementaux, \u00e9conomiques et sociaux, nous avons choisi de <strong data-start=\"425\" data-end=\"445\">penser autrement<\/strong>.<br data-start=\"446\" data-end=\"449\" \/>Notre approche repose sur une vision int\u00e9gr\u00e9e o\u00f9 <strong data-start=\"498\" data-end=\"549\">chaque action, chaque mat\u00e9riau et chaque projet<\/strong> a une signification, un impact et une responsabilit\u00e9.<\/p>\t\t\t\t\t\t\t\t<\/div>\n\t\t\t\t<\/div>\n\t\t\t\t<div class=\"elementor-element elementor-element-0ecc769 ot-view-stacked ot-position-left ot-vertical-align-top elementor-widget elementor-widget-ot-iconbox\" data-id=\"0ecc769\" data-element_type=\"widget\" data-e-type=\"widget\" data-widget_type=\"ot-iconbox.default\">\n\t\t\t\t<div class=\"elementor-widget-container\">\n\t\t\t\t\t\t\t<div class=\"ot-icon-box box-content\">\r\n\t\t\t\t\t\t<div class=\"ot-icon-box__icon flex-gap\">\r\n\t\t\t\t<svg xmlns=\"http:\/\/www.w3.org\/2000\/svg\" viewBox=\"0 0 24 24\"><path clip-rule=\"evenodd\" d=\"m20.7071 6.29289c.3905.39053.3905 1.02369 0 1.41422l-10 9.99999c-.3905.3905-1.02368.3905-1.41421 0l-5-5c-.39052-.3905-.39052-1.0237 0-1.4142.39053-.3905 1.02369-.3905 1.41422 0l4.29289 4.2929 9.2929-9.29291c.3905-.39052 1.0237-.39052 1.4142 0z\" fill-rule=\"evenodd\"><\/path><\/svg>\t        <\/div>\r\n\t        \t        <div class=\"ot-icon-box__content\">\r\n\t        \t<h4 class=\"icon-box-title\">2. L\u2019innovation adapt\u00e9e \u00e0 nos r\u00e9alit\u00e9s<\/h4>\t\t\t\t<div class=\"icon-box-des\">Plut\u00f4t que d\u2019extraire toujours plus, nous avons fait le choix de valoriser ce qui existe d\u00e9j\u00e0 : les d\u00e9chets plastiques.\nChaque bloc produit est un symbole de transformation \u2014 d\u2019un d\u00e9chet inutile et polluant, nous cr\u00e9ons un mat\u00e9riau utile, solide et durable.\n\nNotre d\u00e9marche r\u00e9duit la pollution, d\u00e9sengorge les d\u00e9charges, et encourage une gestion responsable des ressources locales.<\/div>\t\t\t\t\t\t\t<\/div>\t\r\n\t    <\/div>\r\n\t    \t\t\t\t<\/div>\n\t\t\t\t<\/div>\n\t\t\t\t<div class=\"elementor-element elementor-element-193755e ot-view-stacked ot-position-left ot-vertical-align-top elementor-widget elementor-widget-ot-iconbox\" data-id=\"193755e\" data-element_type=\"widget\" data-e-type=\"widget\" data-widget_type=\"ot-iconbox.default\">\n\t\t\t\t<div class=\"elementor-widget-container\">\n\t\t\t\t\t\t\t<div class=\"ot-icon-box box-content\">\r\n\t\t\t\t\t\t<div class=\"ot-icon-box__icon flex-gap\">\r\n\t\t\t\t<svg xmlns=\"http:\/\/www.w3.org\/2000\/svg\" viewBox=\"0 0 24 24\"><path clip-rule=\"evenodd\" d=\"m20.7071 6.29289c.3905.39053.3905 1.02369 0 1.41422l-10 9.99999c-.3905.3905-1.02368.3905-1.41421 0l-5-5c-.39052-.3905-.39052-1.0237 0-1.4142.39053-.3905 1.02369-.3905 1.41422 0l4.29289 4.2929 9.2929-9.29291c.3905-.39052 1.0237-.39052 1.4142 0z\" fill-rule=\"evenodd\"><\/path><\/svg>\t        <\/div>\r\n\t        \t        <div class=\"ot-icon-box__content\">\r\n\t        \t<h4 class=\"icon-box-title\">2. L\u2019innovation adapt\u00e9e \u00e0 nos r\u00e9alit\u00e9s<\/h4>\t\t\t\t<div class=\"icon-box-des\">Nous croyons en une innovation ancr\u00e9e dans le terrain.\nNos produits sont pens\u00e9s pour r\u00e9pondre aux besoins locaux : accessibilit\u00e9, simplicit\u00e9 d\u2019usage, performance dans les conditions climatiques africaines.\n\nNous privil\u00e9gions des solutions low-tech, efficaces et reproductibles, qui ne d\u00e9pendent pas de technologies complexes, mais qui cr\u00e9ent de la valeur \u00e0 partir de mat\u00e9riaux simples.<\/div>\t\t\t\t\t\t\t<\/div>\t\r\n\t    <\/div>\r\n\t    \t\t\t\t<\/div>\n\t\t\t\t<\/div>\n\t\t\t\t<\/div>\n\t\t\t\t\t<\/div>\n\t\t\t\t<\/div>\n\t\t<div data-color=\"#c5ddff,#31c77f,#f7e5ff\" class=\"elementor-element elementor-element-e5bd661 particles-js e-flex e-con-boxed e-con e-parent\" data-id=\"e5bd661\" data-element_type=\"container\" data-e-type=\"container\">\n\t\t\t\t\t<div class=\"e-con-inner\">\n\t\t<div class=\"elementor-element elementor-element-1ef97ce e-con-full e-flex e-con e-child\" data-id=\"1ef97ce\" data-element_type=\"container\" data-e-type=\"container\">\n\t\t<div class=\"elementor-element elementor-element-07190d7 e-con-full e-flex e-con e-child\" data-id=\"07190d7\" data-element_type=\"container\" data-e-type=\"container\">\n\t\t\t\t<div class=\"elementor-element elementor-element-8e9773a elementor-widget elementor-widget-ot-video-popup\" data-id=\"8e9773a\" data-element_type=\"widget\" data-e-type=\"widget\" data-widget_type=\"ot-video-popup.default\">\n\t\t\t\t<div class=\"elementor-widget-container\">\n\t\t\t\t\t\t\t<div class=\"video-popup\">\r\n\t\t\t\t\t\t<div class=\"video-image\">\r\n\t\t\t\t<img decoding=\"async\" src=\"https:\/\/ipcgreenblocks.com\/wp-content\/uploads\/revslider\/video-media\/Women-Empowerment-I_1.webp\" title=\"Women-Empowerment-I_1.jpeg\" alt=\"Women-Empowerment-I_1.jpeg\" loading=\"lazy\" \/>\t\t\t<\/div>\r\n\t\t\t\t\t\t<div class=\"btn-inner flex-middle\">\r\n\t\t        <a class=\"btn-play\" href=\"https:\/\/www.youtube.com\/watch?v=OkvaJl0emPQ\" target=\"_blank\" rel=\"noopener\">\r\n\t\t        \t<i class=\"ot-flaticon-play-button\"><\/i>\r\n\t\t        \t\t\t        <\/a>\r\n\t\t        \t        <\/div>\r\n\t    <\/div>\r\n\t    \t\t\t\t<\/div>\n\t\t\t\t<\/div>\n\t\t\t\t<\/div>\n\t\t<div class=\"elementor-element elementor-element-1823c75 e-con-full e-flex e-con e-child\" data-id=\"1823c75\" data-element_type=\"container\" data-e-type=\"container\">\n\t\t\t\t<div class=\"elementor-element elementor-element-7af3005 elementor-widget elementor-widget-heading\" data-id=\"7af3005\" data-element_type=\"widget\" data-e-type=\"widget\" data-widget_type=\"heading.default\">\n\t\t\t\t<div class=\"elementor-widget-container\">\n\t\t\t\t\t<h3 class=\"elementor-heading-title elementor-size-default\"> 3. L\u2019humain au c\u0153ur de tout<\/h3>\t\t\t\t<\/div>\n\t\t\t\t<\/div>\n\t\t\t\t<div class=\"elementor-element elementor-element-2802f51 elementor-widget elementor-widget-text-editor\" data-id=\"2802f51\" data-element_type=\"widget\" data-e-type=\"widget\" data-widget_type=\"text-editor.default\">\n\t\t\t\t<div class=\"elementor-widget-container\">\n\t\t\t\t\t\t\t\t\t<p class=\"\" data-start=\"1565\" data-end=\"1826\">Construire autrement, c\u2019est aussi <strong data-start=\"1599\" data-end=\"1648\">mettre les communaut\u00e9s au centre du processus<\/strong>.<br data-start=\"1649\" data-end=\"1652\" \/>Nous formons, nous sensibilisons, nous transmettons. Chaque bloc, chaque chantier devient un levier d\u2019<strong data-start=\"1754\" data-end=\"1825\">insertion sociale, d\u2019autonomisation et de cr\u00e9ation d\u2019emplois locaux<\/strong>.<\/p><p class=\"\" data-start=\"1828\" data-end=\"1984\">Notre philosophie est profond\u00e9ment <strong data-start=\"1863\" data-end=\"1876\">inclusive<\/strong> : jeunes, femmes, artisans, collectivit\u00e9s&#8230; tout le monde a sa place dans cette nouvelle cha\u00eene de valeur.<\/p>\t\t\t\t\t\t\t\t<\/div>\n\t\t\t\t<\/div>\n\t\t<div class=\"elementor-element elementor-element-cb6d580 e-con-full e-flex e-con e-child\" data-id=\"cb6d580\" data-element_type=\"container\" data-e-type=\"container\">\n\t\t\t\t<\/div>\n\t\t\t\t<\/div>\n\t\t\t\t<\/div>\n\t\t<div class=\"elementor-element elementor-element-a588e9d e-con-full e-grid e-con e-child\" data-id=\"a588e9d\" data-element_type=\"container\" data-e-type=\"container\">\n\t\t\t\t<div class=\"elementor-element elementor-element-617b3ec elementor-widget elementor-widget-ot-progress\" data-id=\"617b3ec\" data-element_type=\"widget\" data-e-type=\"widget\" data-widget_type=\"ot-progress.default\">\n\t\t\t\t<div class=\"elementor-widget-container\">\n\t\t\t\t\t\r\n\t\t\t\t<div class=\"ot-progress-circle\" data-color=\"#0855f0\" data-height=\"4\" data-size=\"196\">\r\n\t\t\t<div class=\"ot-progress-circle__inner flex-middle\" data-percent=\"76\">\r\n\t\t\t\t<div class=\"ot-progress-circle__content flex-middle\">\r\n\t\t\t\t\t<span class=\"ot-progress-percent\">76<\/span>\t\t\t\t<\/div>\r\n\t\t\t<\/div>\r\n\t\t\t<h5 class=\"ot-progress-title\">Prosperity<\/h5>\t\t<\/div>\r\n\t\t\r\n\t    \t\t\t\t<\/div>\n\t\t\t\t<\/div>\n\t\t\t\t<div class=\"elementor-element elementor-element-46bb03e elementor-widget elementor-widget-ot-progress\" data-id=\"46bb03e\" data-element_type=\"widget\" data-e-type=\"widget\" data-widget_type=\"ot-progress.default\">\n\t\t\t\t<div class=\"elementor-widget-container\">\n\t\t\t\t\t\r\n\t\t\t\t<div class=\"ot-progress-circle\" data-color=\"#0855f0\" data-height=\"4\" data-size=\"196\">\r\n\t\t\t<div class=\"ot-progress-circle__inner flex-middle\" data-percent=\"70\">\r\n\t\t\t\t<div class=\"ot-progress-circle__content flex-middle\">\r\n\t\t\t\t\t<span class=\"ot-progress-percent\">70<\/span>\t\t\t\t<\/div>\r\n\t\t\t<\/div>\r\n\t\t\t<h5 class=\"ot-progress-title\">Business Inovation<\/h5>\t\t<\/div>\r\n\t\t\r\n\t    \t\t\t\t<\/div>\n\t\t\t\t<\/div>\n\t\t\t\t<div class=\"elementor-element elementor-element-c46645a elementor-widget elementor-widget-ot-progress\" data-id=\"c46645a\" data-element_type=\"widget\" data-e-type=\"widget\" data-widget_type=\"ot-progress.default\">\n\t\t\t\t<div class=\"elementor-widget-container\">\n\t\t\t\t\t\r\n\t\t\t\t<div class=\"ot-progress-circle\" data-color=\"#0855f0\" data-height=\"4\" data-size=\"196\">\r\n\t\t\t<div class=\"ot-progress-circle__inner flex-middle\" data-percent=\"45\">\r\n\t\t\t\t<div class=\"ot-progress-circle__content flex-middle\">\r\n\t\t\t\t\t<span class=\"ot-progress-percent\">45<\/span>\t\t\t\t<\/div>\r\n\t\t\t<\/div>\r\n\t\t\t<h5 class=\"ot-progress-title\">Finance Strategy<\/h5>\t\t<\/div>\r\n\t\t\r\n\t    \t\t\t\t<\/div>\n\t\t\t\t<\/div>\n\t\t\t\t<div class=\"elementor-element elementor-element-02ea61f elementor-widget elementor-widget-ot-progress\" data-id=\"02ea61f\" data-element_type=\"widget\" data-e-type=\"widget\" data-widget_type=\"ot-progress.default\">\n\t\t\t\t<div class=\"elementor-widget-container\">\n\t\t\t\t\t\r\n\t\t\t\t<div class=\"ot-progress-circle\" data-color=\"#0855f0\" data-height=\"4\" data-size=\"196\">\r\n\t\t\t<div class=\"ot-progress-circle__inner flex-middle\" data-percent=\"86\">\r\n\t\t\t\t<div class=\"ot-progress-circle__content flex-middle\">\r\n\t\t\t\t\t<span class=\"ot-progress-percent\">86<\/span>\t\t\t\t<\/div>\r\n\t\t\t<\/div>\r\n\t\t\t<h5 class=\"ot-progress-title\">Corporate Managment<\/h5>\t\t<\/div>\r\n\t\t\r\n\t    \t\t\t\t<\/div>\n\t\t\t\t<\/div>\n\t\t\t\t<\/div>\n\t\t\t\t\t<\/div>\n\t\t\t\t<\/div>\n\t\t<div data-color=\"#c5ddff,#f7e5ff,#ffffff\" class=\"elementor-element elementor-element-747e8a3 e-con-full particles-js e-flex e-con e-parent\" data-id=\"747e8a3\" data-element_type=\"container\" data-e-type=\"container\" data-settings=\"{&quot;background_background&quot;:&quot;classic&quot;}\">\n\t\t<div class=\"elementor-element elementor-element-c57a887 e-flex e-con-boxed e-con e-child\" data-id=\"c57a887\" data-element_type=\"container\" data-e-type=\"container\">\n\t\t\t\t\t<div class=\"e-con-inner\">\n\t\t\t\t<div class=\"elementor-element elementor-element-cad5f43 elementor-widget elementor-widget-text-editor\" data-id=\"cad5f43\" data-element_type=\"widget\" data-e-type=\"widget\" data-widget_type=\"text-editor.default\">\n\t\t\t\t<div class=\"elementor-widget-container\">\n\t\t\t\t\t\t\t\t\t<p>Chez <strong data-start=\"146\" data-end=\"166\">IPC GREEN BLOCKS<\/strong>, nous croyons fermement qu\u2019un avenir durable passe par l\u2019alliance de la <strong data-start=\"239\" data-end=\"267\">construction responsable<\/strong> et de l&rsquo;<strong data-start=\"276\" data-end=\"301\">innovation \u00e9cologique<\/strong>. Nous d\u00e9fendons une approche o\u00f9 chaque action, chaque mat\u00e9riau et chaque projet ont un impact positif sur l&rsquo;environnement, les communaut\u00e9s et l&rsquo;\u00e9conomie. Voici ce en quoi nous croyons :<\/p>\t\t\t\t\t\t\t\t<\/div>\n\t\t\t\t<\/div>\n\t\t\t\t<div class=\"elementor-element elementor-element-d39e4e0 elementor-widget elementor-widget-spacer\" data-id=\"d39e4e0\" data-element_type=\"widget\" data-e-type=\"widget\" data-widget_type=\"spacer.default\">\n\t\t\t\t<div class=\"elementor-widget-container\">\n\t\t\t\t\t\t\t<div class=\"elementor-spacer\">\n\t\t\t<div class=\"elementor-spacer-inner\"><\/div>\n\t\t<\/div>\n\t\t\t\t\t\t<\/div>\n\t\t\t\t<\/div>\n\t\t\t\t\t<\/div>\n\t\t\t\t<\/div>\n\t\t<div class=\"elementor-element elementor-element-fab396d e-flex e-con-boxed e-con e-child\" data-id=\"fab396d\" data-element_type=\"container\" data-e-type=\"container\">\n\t\t\t\t\t<div class=\"e-con-inner\">\n\t\t<div class=\"elementor-element elementor-element-cbf9f22 e-con-full e-flex e-con e-child\" data-id=\"cbf9f22\" data-element_type=\"container\" data-e-type=\"container\">\n\t\t\t\t<div class=\"elementor-element elementor-element-8be64c7 ot-view-default elementor-widget elementor-widget-ot-icon-list\" data-id=\"8be64c7\" data-element_type=\"widget\" data-e-type=\"widget\" data-widget_type=\"ot-icon-list.default\">\n\t\t\t\t<div class=\"elementor-widget-container\">\n\t\t\t\t\t\t        <div class=\"ot-icon-list-wrapper\">\r\n\t        \t<ul class=\"unstyle ot-icon-list-items \">\r\n\t        \t\t\t        \t\t\t<li class=\"ot-icon-list-item \">\r\n\t        \t\t\t\t\r\n\t\t\t\t\t\t\t<span class=\"ot-icon-list-icon\">\r\n\t\t\t\t\t\t\t\t<svg aria-hidden=\"true\" class=\"e-font-icon-svg e-fas-chevron-right\" viewBox=\"0 0 320 512\" xmlns=\"http:\/\/www.w3.org\/2000\/svg\"><path d=\"M285.476 272.971L91.132 467.314c-9.373 9.373-24.569 9.373-33.941 0l-22.667-22.667c-9.357-9.357-9.375-24.522-.04-33.901L188.505 256 34.484 101.255c-9.335-9.379-9.317-24.544.04-33.901l22.667-22.667c9.373-9.373 24.569-9.373 33.941 0L285.475 239.03c9.373 9.372 9.373 24.568.001 33.941z\"><\/path><\/svg>\t\t\t\t\t\t\t<\/span>\r\n\t\t\t\t\t\t\t<a href=\"#\">\t\t\t\t\t\t\t<span class=\"ot-icon-list-text title-link\">Des solutions innovantes et pratiques<\/span>\r\n\t\t\t\t\t\t\t\t\t\t\t\t\t\t\t<\/a>\r\n\t\t\t\t\t\t\t\t        \t\t\t<\/li>\r\n\t        \t\t\t        \t\t\t<li class=\"ot-icon-list-item \">\r\n\t        \t\t\t\t\r\n\t\t\t\t\t\t\t<span class=\"ot-icon-list-icon\">\r\n\t\t\t\t\t\t\t\t<svg aria-hidden=\"true\" class=\"e-font-icon-svg e-fas-chevron-right\" viewBox=\"0 0 320 512\" xmlns=\"http:\/\/www.w3.org\/2000\/svg\"><path d=\"M285.476 272.971L91.132 467.314c-9.373 9.373-24.569 9.373-33.941 0l-22.667-22.667c-9.357-9.357-9.375-24.522-.04-33.901L188.505 256 34.484 101.255c-9.335-9.379-9.317-24.544.04-33.901l22.667-22.667c9.373-9.373 24.569-9.373 33.941 0L285.475 239.03c9.373 9.372 9.373 24.568.001 33.941z\"><\/path><\/svg>\t\t\t\t\t\t\t<\/span>\r\n\t\t\t\t\t\t\t<a href=\"#\">\t\t\t\t\t\t\t<span class=\"ot-icon-list-text title-link\">L'autonomisation des communaut\u00e9s<\/span>\r\n\t\t\t\t\t\t\t\t\t\t\t\t\t\t\t<\/a>\r\n\t\t\t\t\t\t\t\t        \t\t\t<\/li>\r\n\t        \t\t\t        \t\t\t<li class=\"ot-icon-list-item \">\r\n\t        \t\t\t\t\r\n\t\t\t\t\t\t\t<span class=\"ot-icon-list-icon\">\r\n\t\t\t\t\t\t\t\t<svg aria-hidden=\"true\" class=\"e-font-icon-svg e-fas-chevron-right\" viewBox=\"0 0 320 512\" xmlns=\"http:\/\/www.w3.org\/2000\/svg\"><path d=\"M285.476 272.971L91.132 467.314c-9.373 9.373-24.569 9.373-33.941 0l-22.667-22.667c-9.357-9.357-9.375-24.522-.04-33.901L188.505 256 34.484 101.255c-9.335-9.379-9.317-24.544.04-33.901l22.667-22.667c9.373-9.373 24.569-9.373 33.941 0L285.475 239.03c9.373 9.372 9.373 24.568.001 33.941z\"><\/path><\/svg>\t\t\t\t\t\t\t<\/span>\r\n\t\t\t\t\t\t\t<a href=\"#\">\t\t\t\t\t\t\t<span class=\"ot-icon-list-text title-link\">Un avenir meilleur pour tous<\/span>\r\n\t\t\t\t\t\t\t\t\t\t\t\t\t\t\t<\/a>\r\n\t\t\t\t\t\t\t\t        \t\t\t<\/li>\r\n\t        \t\t\t        \t\t\t<li class=\"ot-icon-list-item \">\r\n\t        \t\t\t\t\r\n\t\t\t\t\t\t\t<span class=\"ot-icon-list-icon\">\r\n\t\t\t\t\t\t\t\t<svg aria-hidden=\"true\" class=\"e-font-icon-svg e-fas-chevron-right\" viewBox=\"0 0 320 512\" xmlns=\"http:\/\/www.w3.org\/2000\/svg\"><path d=\"M285.476 272.971L91.132 467.314c-9.373 9.373-24.569 9.373-33.941 0l-22.667-22.667c-9.357-9.357-9.375-24.522-.04-33.901L188.505 256 34.484 101.255c-9.335-9.379-9.317-24.544.04-33.901l22.667-22.667c9.373-9.373 24.569-9.373 33.941 0L285.475 239.03c9.373 9.372 9.373 24.568.001 33.941z\"><\/path><\/svg>\t\t\t\t\t\t\t<\/span>\r\n\t\t\t\t\t\t\t<a href=\"#\">\t\t\t\t\t\t\t<span class=\"ot-icon-list-text title-link\">Int\u00e9grit\u00e9 et responsabilit\u00e9<\/span>\r\n\t\t\t\t\t\t\t\t\t\t\t\t\t\t\t<\/a>\r\n\t\t\t\t\t\t\t\t        \t\t\t<\/li>\r\n\t        \t\t\t        \t<\/ul>\r\n\t        <\/div>\r\n\t    \t\t\t\t<\/div>\n\t\t\t\t<\/div>\n\t\t\t\t<\/div>\n\t\t<div class=\"elementor-element elementor-element-3850565 e-con-full e-flex e-con e-child\" data-id=\"3850565\" data-element_type=\"container\" data-e-type=\"container\">\n\t\t\t\t<div class=\"elementor-element elementor-element-f4d057a elementor-widget elementor-widget-text-editor\" data-id=\"f4d057a\" data-element_type=\"widget\" data-e-type=\"widget\" data-widget_type=\"text-editor.default\">\n\t\t\t\t<div class=\"elementor-widget-container\">\n\t\t\t\t\t\t\t\t\t<p>4. B\u00e2tir avec sens, pour demain<\/p>\t\t\t\t\t\t\t\t<\/div>\n\t\t\t\t<\/div>\n\t\t\t\t<div class=\"elementor-element elementor-element-9acb431 elementor-widget elementor-widget-text-editor\" data-id=\"9acb431\" data-element_type=\"widget\" data-e-type=\"widget\" data-widget_type=\"text-editor.default\">\n\t\t\t\t<div class=\"elementor-widget-container\">\n\t\t\t\t\t\t\t\t\t<p class=\"\" data-start=\"2035\" data-end=\"2210\">Notre ambition d\u00e9passe la production de blocs. Nous voulons <strong data-start=\"2095\" data-end=\"2119\">construire un mod\u00e8le<\/strong>, un mouvement, une fa\u00e7on plus responsable de concevoir l\u2019urbanisme, l\u2019habitat, l\u2019\u00e9conomie.<\/p><p class=\"\" data-start=\"2212\" data-end=\"2276\"><strong data-start=\"2212\" data-end=\"2248\">Construire avec IPC GREEN BLOCKS<\/strong>, c\u2019est choisir de b\u00e2tir :<\/p><ul data-start=\"2277\" data-end=\"2408\"><li class=\"\" data-start=\"2277\" data-end=\"2328\"><p class=\"\" data-start=\"2279\" data-end=\"2328\">Pour aujourd\u2019hui, avec des solutions concr\u00e8tes,<\/p><\/li><li class=\"\" data-start=\"2329\" data-end=\"2370\"><p class=\"\" data-start=\"2331\" data-end=\"2370\">Pour demain, avec une vision durable,<\/p><\/li><li class=\"\" data-start=\"2371\" data-end=\"2408\"><p class=\"\" data-start=\"2373\" data-end=\"2408\">Pour tous, avec justice et respect.<\/p><\/li><\/ul>\t\t\t\t\t\t\t\t<\/div>\n\t\t\t\t<\/div>\n\t\t\t\t<\/div>\n\t\t\t\t\t<\/div>\n\t\t\t\t<\/div>\n\t\t\t\t<\/div>\n\t\t\t\t<\/div>\n\t\t","protected":false},"excerpt":{"rendered":"<p>La philosophie d\u2019IPC GREEN BLOCKS est n\u00e9e d\u2019une conviction profonde :l\u2019avenir de la construction passe par le respect de la plan\u00e8te et des populations. Dans un monde confront\u00e9 \u00e0 des d\u00e9fis environnementaux, \u00e9conomiques et sociaux, nous avons choisi de penser autrement.Notre approche repose sur une vision int\u00e9gr\u00e9e o\u00f9 chaque action, chaque mat\u00e9riau et chaque projet [&hellip;]<\/p>\n","protected":false},"author":1,"featured_media":0,"parent":0,"menu_order":0,"comment_status":"closed","ping_status":"closed","template":"","meta":{"footnotes":""},"class_list":["post-359","page","type-page","status-publish","hentry"],"_hostinger_reach_plugin_has_subscription_block":false,"_hostinger_reach_plugin_is_elementor":false,"_links":{"self":[{"href":"https:\/\/ipcgreenblocks.com\/index.php?rest_route=\/wp\/v2\/pages\/359","targetHints":{"allow":["GET"]}}],"collection":[{"href":"https:\/\/ipcgreenblocks.com\/index.php?rest_route=\/wp\/v2\/pages"}],"about":[{"href":"https:\/\/ipcgreenblocks.com\/index.php?rest_route=\/wp\/v2\/types\/page"}],"author":[{"embeddable":true,"href":"https:\/\/ipcgreenblocks.com\/index.php?rest_route=\/wp\/v2\/users\/1"}],"replies":[{"embeddable":true,"href":"https:\/\/ipcgreenblocks.com\/index.php?rest_route=%2Fwp%2Fv2%2Fcomments&post=359"}],"version-history":[{"count":19,"href":"https:\/\/ipcgreenblocks.com\/index.php?rest_route=\/wp\/v2\/pages\/359\/revisions"}],"predecessor-version":[{"id":4451,"href":"https:\/\/ipcgreenblocks.com\/index.php?rest_route=\/wp\/v2\/pages\/359\/revisions\/4451"}],"wp:attachment":[{"href":"https:\/\/ipcgreenblocks.com\/index.php?rest_route=%2Fwp%2Fv2%2Fmedia&parent=359"}],"curies":[{"name":"wp","href":"https:\/\/api.w.org\/{rel}","templated":true}]}}